{"id":11,"date":"2015-02-10T19:21:34","date_gmt":"2015-02-10T19:21:34","guid":{"rendered":"http:\/\/theme-fusion.com\/avada_demos\/architecture\/?page_id=11"},"modified":"2026-01-13T14:30:57","modified_gmt":"2026-01-13T13:30:57","slug":"landhandel","status":"publish","type":"page","link":"https:\/\/xn--selsyvik-84a.no\/wp\/landhandel\/","title":{"rendered":"LANDHANDEL"},"content":{"rendered":"<p><div class=\"fusion-fullwidth fullwidth-box fusion-builder-row-1 fusion-parallax-fixed nonhundred-percent-fullwidth non-hundred-percent-height-scrolling\" style=\"--awb-background-position:left bottom;--awb-border-sizes-top:0px;--awb-border-sizes-bottom:0px;--awb-border-sizes-left:0px;--awb-border-sizes-right:0px;--awb-border-radius-top-left:0px;--awb-border-radius-top-right:0px;--awb-border-radius-bottom-right:0px;--awb-border-radius-bottom-left:0px;--awb-padding-top:250px;--awb-padding-bottom:250px;--awb-background-image:url(&quot;http:\/\/www.xn--selsyvik-84a.no\/wp\/wp-content\/uploads\/2015\/02\/landhandel_1-1.jpg&quot;);--awb-background-size:cover;--awb-flex-wrap:wrap;background-attachment:fixed;\" ><div class=\"fusion-builder-row fusion-row\"><div class=\"fusion-layout-column fusion_builder_column fusion-builder-column-0 fusion_builder_column_1_2 1_2 fusion-one-half fusion-column-first\" style=\"--awb-bg-size:cover;width:48%; margin-right: 4%;\"><div class=\"fusion-column-wrapper fusion-flex-column-wrapper-legacy\"><div class=\"fusion-text fusion-text-1\"><h2><span style=\"color: #ffffff;\">LANDHANDEL<\/span><\/h2>\n<\/div><div class=\"fusion-sep-clear\"><\/div><div class=\"fusion-separator fusion-clearfix\" style=\"float:left;margin-top:0px;margin-bottom:35px;width:100%;max-width:170px;\"><\/div><div class=\"fusion-sep-clear\"><\/div><div class=\"fusion-text fusion-text-2\"><h3><strong><span style=\"color: #ffffff;\">Handelsvirksomhet siden 1600-tallet med alt utvalget du forventer fra en moderne sm\u00e5butikk.<\/span><\/strong><\/h3>\n<\/div><div class=\"fusion-clearfix\"><\/div><\/div><\/div><\/div><\/div><div class=\"fusion-fullwidth fullwidth-box fusion-builder-row-2 nonhundred-percent-fullwidth non-hundred-percent-height-scrolling\" style=\"--awb-background-position:left top;--awb-border-sizes-top:0px;--awb-border-sizes-bottom:0px;--awb-border-sizes-left:0px;--awb-border-sizes-right:0px;--awb-border-radius-top-left:0px;--awb-border-radius-top-right:0px;--awb-border-radius-bottom-right:0px;--awb-border-radius-bottom-left:0px;--awb-padding-top:150px;--awb-padding-bottom:150px;--awb-flex-wrap:wrap;\" ><div class=\"fusion-builder-row fusion-row\"><div class=\"fusion-layout-column fusion_builder_column fusion-builder-column-1 fusion_builder_column_1_2 1_2 fusion-one-half fusion-column-first\" style=\"--awb-bg-size:cover;width:48%; margin-right: 4%;\"><div class=\"fusion-column-wrapper fusion-flex-column-wrapper-legacy\"><div class=\"fusion-text fusion-text-3\"><h2>DET ALLER N\u00d8DVENDIGSTE<br \/>\n&#8211; OG LITT TIL<\/h2>\n<\/div><div class=\"fusion-sep-clear\"><\/div><div class=\"fusion-separator fusion-clearfix\" style=\"float:left;margin-top:0px;margin-bottom:35px;width:100%;max-width:170px;\"><div class=\"fusion-separator-border sep-single sep-solid\" style=\"--awb-height:20px;--awb-amount:20px;--awb-sep-color:#e2e3e8;border-color:#e2e3e8;border-top-width:3px;\"><\/div><\/div><div class=\"fusion-sep-clear\"><\/div><div class=\"fusion-text fusion-text-4\"><h3 data-fontsize=\"22\" style=\"--fontSize: 22; line-height: 1.91; --minFontSize: 22;\" data-lineheight=\"42.02px\" class=\"fusion-responsive-typography-calculated\"><em>Opp ei steintrapp og inn ei d\u00f8r. Der finner du landhandelen som i 170 \u00e5r har forsynt folk med varer.<\/em><\/h3>\n<\/div><div class=\"fusion-sep-clear\"><\/div><div class=\"fusion-separator fusion-full-width-sep fusion-clearfix\" style=\"float:left;margin-top:10px;margin-bottom:10px;width:100%;\"><\/div><div class=\"fusion-sep-clear\"><\/div><div class=\"fusion-text fusion-text-5\"><p>Bygget som huser landhandelen ble satt opp i 1856, og har siden den gang v\u00e6rt brukt til butikk. Her finner du i dag det meste av det du forventer \u00e5 finne i en dagligvarebutikk \u2013 og litt til. I tillegg til mat og drikke og ferske bakevarer, finner man fiskeredskaper, utstyr for sj\u00f8livets gleder, slangeklemmer og kanskje noen rariteter i gamle skuffer og skap. Vi selger ogs\u00e5 propan p\u00e5 5- og 10-kilos komposittflasker.<\/p>\n<p>I sommerm\u00e5nedene er landhandelen \u00e5pen seks dager i uka, med \u00e5pningstid fra 10 til 17 p\u00e5 hverdager og 10 til 15 p\u00e5 l\u00f8rdager.<\/p>\n<\/div><div class=\"fusion-clearfix\"><\/div><\/div><\/div><div class=\"fusion-layout-column fusion_builder_column fusion-builder-column-2 fusion_builder_column_1_2 1_2 fusion-one-half fusion-column-last\" style=\"--awb-bg-size:cover;width:48%;\"><div class=\"fusion-column-wrapper fusion-flex-column-wrapper-legacy\"><div class=\"fusion-image-element in-legacy-container\" style=\"--awb-caption-title-font-family:var(--h2_typography-font-family);--awb-caption-title-font-weight:var(--h2_typography-font-weight);--awb-caption-title-font-style:var(--h2_typography-font-style);--awb-caption-title-size:var(--h2_typography-font-size);--awb-caption-title-transform:var(--h2_typography-text-transform);--awb-caption-title-line-height:var(--h2_typography-line-height);--awb-caption-title-letter-spacing:var(--h2_typography-letter-spacing);\"><span class=\" fusion-imageframe imageframe-none imageframe-1 hover-type-zoomin fusion-animated\" data-animationType=\"fadeInDown\" data-animationDuration=\"1\" data-animationOffset=\"top-into-view\"><a href=\"http:\/\/www.xn--selsyvik-84a.no\/wp\/wp-content\/uploads\/2015\/02\/landhandel_2.jpg\" class=\"fusion-lightbox\" data-rel=\"iLightbox[0684bbbb8dcdad9e500]\"><img decoding=\"async\" src=\"http:\/\/www.xn--selsyvik-84a.no\/wp\/wp-content\/uploads\/2015\/02\/landhandel_2.jpg\" alt class=\"img-responsive\"\/><\/a><\/span><\/div><div class=\"fusion-clearfix\"><\/div><\/div><\/div><\/div><\/div><\/p>\n","protected":false},"excerpt":{"rendered":"","protected":false},"author":1,"featured_media":0,"parent":0,"menu_order":0,"comment_status":"closed","ping_status":"open","template":"100-width.php","meta":{"footnotes":""},"class_list":["post-11","page","type-page","status-publish","hentry"],"yoast_head":"<!-- This site is optimized with the Yoast SEO plugin v27.1.1 - https:\/\/yoast.com\/product\/yoast-seo-wordpress\/ -->\n<title>Landhandel - Sels\u00f8yvik Gamle Handelssted<\/title>\n<meta name=\"description\" content=\"Handelsvirksomhet siden 1600-tallet med alt utvalget du forventer fra en moderne sm\u00e5butikk.\" \/>\n<meta name=\"robots\" content=\"index, follow, max-snippet:-1, max-image-preview:large, max-video-preview:-1\" \/>\n<link rel=\"canonical\" href=\"https:\/\/xn--selsyvik-84a.no\/wp\/landhandel\/\" \/>\n<meta property=\"og:locale\" content=\"nb_NO\" \/>\n<meta property=\"og:type\" content=\"article\" \/>\n<meta property=\"og:title\" content=\"Landhandel - Sels\u00f8yvik Gamle Handelssted\" \/>\n<meta property=\"og:description\" content=\"Handelsvirksomhet siden 1600-tallet med alt utvalget du forventer fra en moderne sm\u00e5butikk.\" \/>\n<meta property=\"og:url\" content=\"https:\/\/xn--selsyvik-84a.no\/wp\/landhandel\/\" \/>\n<meta property=\"og:site_name\" content=\"Sels\u00f8yvik Handelssted\" \/>\n<meta property=\"article:modified_time\" content=\"2026-01-13T13:30:57+00:00\" \/>\n<meta property=\"og:image\" content=\"http:\/\/www.xn--selsyvik-84a.no\/wp\/wp-content\/uploads\/2015\/02\/landhandel_1-1.jpg\" \/>\n<meta name=\"twitter:card\" content=\"summary_large_image\" \/>\n<meta name=\"twitter:label1\" content=\"Ansl. lesetid\" \/>\n\t<meta name=\"twitter:data1\" content=\"3 minutter\" \/>\n<script type=\"application\/ld+json\" class=\"yoast-schema-graph\">{\"@context\":\"https:\/\/schema.org\",\"@graph\":[{\"@type\":\"WebPage\",\"@id\":\"https:\/\/xn--selsyvik-84a.no\/wp\/landhandel\/\",\"url\":\"https:\/\/xn--selsyvik-84a.no\/wp\/landhandel\/\",\"name\":\"Landhandel - Sels\u00f8yvik Gamle Handelssted\",\"isPartOf\":{\"@id\":\"https:\/\/xn--selsyvik-84a.no\/wp\/#website\"},\"primaryImageOfPage\":{\"@id\":\"https:\/\/xn--selsyvik-84a.no\/wp\/landhandel\/#primaryimage\"},\"image\":{\"@id\":\"https:\/\/xn--selsyvik-84a.no\/wp\/landhandel\/#primaryimage\"},\"thumbnailUrl\":\"http:\/\/www.xn--selsyvik-84a.no\/wp\/wp-content\/uploads\/2015\/02\/landhandel_2.jpg\",\"datePublished\":\"2015-02-10T19:21:34+00:00\",\"dateModified\":\"2026-01-13T13:30:57+00:00\",\"description\":\"Handelsvirksomhet siden 1600-tallet med alt utvalget du forventer fra en moderne sm\u00e5butikk.\",\"breadcrumb\":{\"@id\":\"https:\/\/xn--selsyvik-84a.no\/wp\/landhandel\/#breadcrumb\"},\"inLanguage\":\"nb-NO\",\"potentialAction\":[{\"@type\":\"ReadAction\",\"target\":[\"https:\/\/xn--selsyvik-84a.no\/wp\/landhandel\/\"]}]},{\"@type\":\"ImageObject\",\"inLanguage\":\"nb-NO\",\"@id\":\"https:\/\/xn--selsyvik-84a.no\/wp\/landhandel\/#primaryimage\",\"url\":\"http:\/\/www.xn--selsyvik-84a.no\/wp\/wp-content\/uploads\/2015\/02\/landhandel_2.jpg\",\"contentUrl\":\"http:\/\/www.xn--selsyvik-84a.no\/wp\/wp-content\/uploads\/2015\/02\/landhandel_2.jpg\"},{\"@type\":\"BreadcrumbList\",\"@id\":\"https:\/\/xn--selsyvik-84a.no\/wp\/landhandel\/#breadcrumb\",\"itemListElement\":[{\"@type\":\"ListItem\",\"position\":1,\"name\":\"Hjem\",\"item\":\"https:\/\/xn--selsyvik-84a.no\/wp\/\"},{\"@type\":\"ListItem\",\"position\":2,\"name\":\"LANDHANDEL\"}]},{\"@type\":\"WebSite\",\"@id\":\"https:\/\/xn--selsyvik-84a.no\/wp\/#website\",\"url\":\"https:\/\/xn--selsyvik-84a.no\/wp\/\",\"name\":\"Sels\u00f8yvik Gamle Handelssted\",\"description\":\"Et levende handelssted p\u00e5 Helgelandskysten\",\"publisher\":{\"@id\":\"https:\/\/xn--selsyvik-84a.no\/wp\/#organization\"},\"potentialAction\":[{\"@type\":\"SearchAction\",\"target\":{\"@type\":\"EntryPoint\",\"urlTemplate\":\"https:\/\/xn--selsyvik-84a.no\/wp\/?s={search_term_string}\"},\"query-input\":{\"@type\":\"PropertyValueSpecification\",\"valueRequired\":true,\"valueName\":\"search_term_string\"}}],\"inLanguage\":\"nb-NO\"},{\"@type\":\"Organization\",\"@id\":\"https:\/\/xn--selsyvik-84a.no\/wp\/#organization\",\"name\":\"Sels\u00f8yvik Gamle Handelssted\",\"url\":\"https:\/\/xn--selsyvik-84a.no\/wp\/\",\"logo\":{\"@type\":\"ImageObject\",\"inLanguage\":\"nb-NO\",\"@id\":\"https:\/\/xn--selsyvik-84a.no\/wp\/#\/schema\/logo\/image\/\",\"url\":\"https:\/\/xn--selsyvik-84a.no\/wp\/wp-content\/uploads\/2019\/01\/logo_intro2.png\",\"contentUrl\":\"https:\/\/xn--selsyvik-84a.no\/wp\/wp-content\/uploads\/2019\/01\/logo_intro2.png\",\"width\":1200,\"height\":675,\"caption\":\"Sels\u00f8yvik Gamle Handelssted\"},\"image\":{\"@id\":\"https:\/\/xn--selsyvik-84a.no\/wp\/#\/schema\/logo\/image\/\"}}]}<\/script>\n<!-- \/ Yoast SEO plugin. -->","yoast_head_json":{"title":"Landhandel - Sels\u00f8yvik Gamle Handelssted","description":"Handelsvirksomhet siden 1600-tallet med alt utvalget du forventer fra en moderne sm\u00e5butikk.","robots":{"index":"index","follow":"follow","max-snippet":"max-snippet:-1","max-image-preview":"max-image-preview:large","max-video-preview":"max-video-preview:-1"},"canonical":"https:\/\/xn--selsyvik-84a.no\/wp\/landhandel\/","og_locale":"nb_NO","og_type":"article","og_title":"Landhandel - Sels\u00f8yvik Gamle Handelssted","og_description":"Handelsvirksomhet siden 1600-tallet med alt utvalget du forventer fra en moderne sm\u00e5butikk.","og_url":"https:\/\/xn--selsyvik-84a.no\/wp\/landhandel\/","og_site_name":"Sels\u00f8yvik Handelssted","article_modified_time":"2026-01-13T13:30:57+00:00","og_image":[{"url":"http:\/\/www.xn--selsyvik-84a.no\/wp\/wp-content\/uploads\/2015\/02\/landhandel_1-1.jpg","type":"","width":"","height":""}],"twitter_card":"summary_large_image","twitter_misc":{"Ansl. lesetid":"3 minutter"},"schema":{"@context":"https:\/\/schema.org","@graph":[{"@type":"WebPage","@id":"https:\/\/xn--selsyvik-84a.no\/wp\/landhandel\/","url":"https:\/\/xn--selsyvik-84a.no\/wp\/landhandel\/","name":"Landhandel - Sels\u00f8yvik Gamle Handelssted","isPartOf":{"@id":"https:\/\/xn--selsyvik-84a.no\/wp\/#website"},"primaryImageOfPage":{"@id":"https:\/\/xn--selsyvik-84a.no\/wp\/landhandel\/#primaryimage"},"image":{"@id":"https:\/\/xn--selsyvik-84a.no\/wp\/landhandel\/#primaryimage"},"thumbnailUrl":"http:\/\/www.xn--selsyvik-84a.no\/wp\/wp-content\/uploads\/2015\/02\/landhandel_2.jpg","datePublished":"2015-02-10T19:21:34+00:00","dateModified":"2026-01-13T13:30:57+00:00","description":"Handelsvirksomhet siden 1600-tallet med alt utvalget du forventer fra en moderne sm\u00e5butikk.","breadcrumb":{"@id":"https:\/\/xn--selsyvik-84a.no\/wp\/landhandel\/#breadcrumb"},"inLanguage":"nb-NO","potentialAction":[{"@type":"ReadAction","target":["https:\/\/xn--selsyvik-84a.no\/wp\/landhandel\/"]}]},{"@type":"ImageObject","inLanguage":"nb-NO","@id":"https:\/\/xn--selsyvik-84a.no\/wp\/landhandel\/#primaryimage","url":"http:\/\/www.xn--selsyvik-84a.no\/wp\/wp-content\/uploads\/2015\/02\/landhandel_2.jpg","contentUrl":"http:\/\/www.xn--selsyvik-84a.no\/wp\/wp-content\/uploads\/2015\/02\/landhandel_2.jpg"},{"@type":"BreadcrumbList","@id":"https:\/\/xn--selsyvik-84a.no\/wp\/landhandel\/#breadcrumb","itemListElement":[{"@type":"ListItem","position":1,"name":"Hjem","item":"https:\/\/xn--selsyvik-84a.no\/wp\/"},{"@type":"ListItem","position":2,"name":"LANDHANDEL"}]},{"@type":"WebSite","@id":"https:\/\/xn--selsyvik-84a.no\/wp\/#website","url":"https:\/\/xn--selsyvik-84a.no\/wp\/","name":"Sels\u00f8yvik Gamle Handelssted","description":"Et levende handelssted p\u00e5 Helgelandskysten","publisher":{"@id":"https:\/\/xn--selsyvik-84a.no\/wp\/#organization"},"potentialAction":[{"@type":"SearchAction","target":{"@type":"EntryPoint","urlTemplate":"https:\/\/xn--selsyvik-84a.no\/wp\/?s={search_term_string}"},"query-input":{"@type":"PropertyValueSpecification","valueRequired":true,"valueName":"search_term_string"}}],"inLanguage":"nb-NO"},{"@type":"Organization","@id":"https:\/\/xn--selsyvik-84a.no\/wp\/#organization","name":"Sels\u00f8yvik Gamle Handelssted","url":"https:\/\/xn--selsyvik-84a.no\/wp\/","logo":{"@type":"ImageObject","inLanguage":"nb-NO","@id":"https:\/\/xn--selsyvik-84a.no\/wp\/#\/schema\/logo\/image\/","url":"https:\/\/xn--selsyvik-84a.no\/wp\/wp-content\/uploads\/2019\/01\/logo_intro2.png","contentUrl":"https:\/\/xn--selsyvik-84a.no\/wp\/wp-content\/uploads\/2019\/01\/logo_intro2.png","width":1200,"height":675,"caption":"Sels\u00f8yvik Gamle Handelssted"},"image":{"@id":"https:\/\/xn--selsyvik-84a.no\/wp\/#\/schema\/logo\/image\/"}}]}},"_links":{"self":[{"href":"https:\/\/xn--selsyvik-84a.no\/wp\/wp-json\/wp\/v2\/pages\/11","targetHints":{"allow":["GET"]}}],"collection":[{"href":"https:\/\/xn--selsyvik-84a.no\/wp\/wp-json\/wp\/v2\/pages"}],"about":[{"href":"https:\/\/xn--selsyvik-84a.no\/wp\/wp-json\/wp\/v2\/types\/page"}],"author":[{"embeddable":true,"href":"https:\/\/xn--selsyvik-84a.no\/wp\/wp-json\/wp\/v2\/users\/1"}],"replies":[{"embeddable":true,"href":"https:\/\/xn--selsyvik-84a.no\/wp\/wp-json\/wp\/v2\/comments?post=11"}],"version-history":[{"count":18,"href":"https:\/\/xn--selsyvik-84a.no\/wp\/wp-json\/wp\/v2\/pages\/11\/revisions"}],"predecessor-version":[{"id":1192,"href":"https:\/\/xn--selsyvik-84a.no\/wp\/wp-json\/wp\/v2\/pages\/11\/revisions\/1192"}],"wp:attachment":[{"href":"https:\/\/xn--selsyvik-84a.no\/wp\/wp-json\/wp\/v2\/media?parent=11"}],"curies":[{"name":"wp","href":"https:\/\/api.w.org\/{rel}","templated":true}]}}