{"id":645,"date":"2015-07-01T01:47:46","date_gmt":"2015-06-30T23:47:46","guid":{"rendered":"http:\/\/theme-fusion.com\/avada\/architecture-xml\/?page_id=645"},"modified":"2026-01-13T15:42:08","modified_gmt":"2026-01-13T14:42:08","slug":"sommerkafe","status":"publish","type":"page","link":"https:\/\/xn--selsyvik-84a.no\/wp\/sommerkafe\/","title":{"rendered":"B\u00c5RSTUA KAF\u00c9"},"content":{"rendered":"<p><div class=\"fusion-fullwidth fullwidth-box fusion-builder-row-1 fusion-parallax-fixed nonhundred-percent-fullwidth non-hundred-percent-height-scrolling\" style=\"--awb-background-position:center bottom;--awb-border-sizes-top:0px;--awb-border-sizes-bottom:0px;--awb-border-sizes-left:0px;--awb-border-sizes-right:0px;--awb-border-radius-top-left:0px;--awb-border-radius-top-right:0px;--awb-border-radius-bottom-right:0px;--awb-border-radius-bottom-left:0px;--awb-padding-top:250px;--awb-padding-bottom:250px;--awb-background-image:url(&quot;http:\/\/www.xn--selsyvik-84a.no\/wp\/wp-content\/uploads\/2015\/07\/kafe-3.jpg&quot;);--awb-background-size:cover;--awb-flex-wrap:wrap;background-attachment:fixed;\" ><div class=\"fusion-builder-row fusion-row\"><div class=\"fusion-layout-column fusion_builder_column fusion-builder-column-0 fusion_builder_column_1_2 1_2 fusion-one-half fusion-column-first\" style=\"--awb-bg-blend:overlay;--awb-bg-size:cover;width:48%; margin-right: 4%;\"><div class=\"fusion-column-wrapper fusion-flex-column-wrapper-legacy\"><div class=\"fusion-text fusion-text-1\"><h2 class=\"fusion-responsive-typography-calculated\" style=\"--fontsize: 48; line-height: 1.25;\" data-fontsize=\"48\" data-lineheight=\"60px\"><span style=\"color: #ffffff;\">B\u00c5RSTUA KAF\u00c9<\/span><\/h2>\n<h3 class=\"fusion-responsive-typography-calculated\" style=\"--fontsize: 22; line-height: 1.91; --minfontsize: 22;\" data-fontsize=\"22\" data-lineheight=\"42.02px\"><strong><span style=\"color: #ffffff;\">En forfriskning i solveggen, eller enkel servering innend\u00f8rs i historiske omgivelser.<\/span><\/strong><\/h3>\n<\/div><div class=\"fusion-sep-clear\"><\/div><div class=\"fusion-separator fusion-full-width-sep\" style=\"margin-left: auto;margin-right: auto;margin-top:20px;width:100%;\"><\/div><div class=\"fusion-sep-clear\"><\/div><div class=\"fusion-clearfix\"><\/div><\/div><\/div><div class=\"fusion-layout-column fusion_builder_column fusion-builder-column-1 fusion_builder_column_1_2 1_2 fusion-one-half fusion-column-last\" style=\"--awb-bg-blend:overlay;--awb-bg-size:cover;width:48%;\"><div class=\"fusion-column-wrapper fusion-flex-column-wrapper-legacy\"><div class=\"fusion-clearfix\"><\/div><\/div><\/div><\/div><\/div><div class=\"fusion-fullwidth fullwidth-box fusion-builder-row-2 nonhundred-percent-fullwidth non-hundred-percent-height-scrolling\" style=\"--awb-background-position:left top;--awb-border-sizes-top:0px;--awb-border-sizes-bottom:0px;--awb-border-sizes-left:0px;--awb-border-sizes-right:0px;--awb-border-radius-top-left:0px;--awb-border-radius-top-right:0px;--awb-border-radius-bottom-right:0px;--awb-border-radius-bottom-left:0px;--awb-padding-top:130px;--awb-padding-right:30px;--awb-padding-bottom:130px;--awb-padding-left:30px;--awb-flex-wrap:wrap;\" ><div class=\"fusion-builder-row fusion-row\"><div class=\"fusion-layout-column fusion_builder_column fusion-builder-column-2 fusion_builder_column_1_2 1_2 fusion-one-half fusion-column-first\" style=\"--awb-bg-blend:overlay;--awb-bg-size:cover;width:48%; margin-right: 4%;\"><div class=\"fusion-column-wrapper fusion-flex-column-wrapper-legacy\"><div class=\"fusion-text fusion-text-2\"><h2>DUFTEN AV HJEMMEBAKST<\/h2>\n<\/div><div class=\"fusion-sep-clear\"><\/div><div class=\"fusion-separator fusion-clearfix\" style=\"float:left;margin-top:0px;margin-bottom:35px;width:100%;max-width:170px;\"><div class=\"fusion-separator-border sep-single sep-solid\" style=\"--awb-height:20px;--awb-amount:20px;--awb-sep-color:#e2e3e8;border-color:#e2e3e8;border-top-width:3px;\"><\/div><\/div><div class=\"fusion-sep-clear\"><\/div><div class=\"fusion-text fusion-text-3\"><h3 class=\"fusion-responsive-typography-calculated\" style=\"--fontsize: 22; line-height: 1.91; --minfontsize: 22;\" data-fontsize=\"22\" data-lineheight=\"42.02px\">B\u00e5rstua, den gamle tjenerfl\u00f8yen i hovedhuset, har historie som b\u00e5de drengestue, skolestue og restaureringsverkted. N\u00e5 er det kaf\u00e9 i de sjarmerende lokalene.<\/h3>\n<\/div><div class=\"fusion-text fusion-text-4\"><h2 class=\"\" style=\"--fontsize: 48; line-height: 1.25;\" data-fontsize=\"48\" data-lineheight=\"60px\"><\/h2>\n<p><span lang=\"NO-BOK\">I B\u00e5rstua kaf\u00e9 kan du nyte fersk hjemmebakst, en enkel lunchrett og kald eller varm drikke, i historiske omgivelser, innend\u00f8rs s\u00e5 vel som utend\u00f8rs<\/span>.<br \/>\nOm sommeren holder kaf\u00e9en \u00e5pent fem dager i uka, og i lavsesongen serverer vi lunsj hver torsdag mellom 12.00 og 14.00. Vi har <span lang=\"NO-BOK\">skjenkebevilling<\/span> for \u00f8l og vin, og \u00e5pningstidene er vi litt fleksible med. F\u00f8lg med p\u00e5 v\u00e5r <a href=\"https:\/\/www.facebook.com\/selsoyvik\" target=\"_blank\" rel=\"noopener noreferrer\">Facebook-side<\/a> for informasjon om quizkvelder, fotballpub og andre arrangementer.<\/p>\n<\/div><div class=\"fusion-clearfix\"><\/div><\/div><\/div><div class=\"fusion-layout-column fusion_builder_column fusion-builder-column-3 fusion_builder_column_1_2 1_2 fusion-one-half fusion-column-last\" style=\"--awb-bg-blend:overlay;--awb-bg-size:cover;width:48%;\"><div class=\"fusion-column-wrapper fusion-flex-column-wrapper-legacy\"><div class=\"fusion-image-element in-legacy-container\" style=\"--awb-caption-title-font-family:var(--h2_typography-font-family);--awb-caption-title-font-weight:var(--h2_typography-font-weight);--awb-caption-title-font-style:var(--h2_typography-font-style);--awb-caption-title-size:var(--h2_typography-font-size);--awb-caption-title-transform:var(--h2_typography-text-transform);--awb-caption-title-line-height:var(--h2_typography-line-height);--awb-caption-title-letter-spacing:var(--h2_typography-letter-spacing);\"><span class=\" fusion-imageframe imageframe-none imageframe-1 hover-type-zoomin\"><img decoding=\"async\" src=\"http:\/\/www.xn--selsyvik-84a.no\/wp\/wp-content\/uploads\/2015\/07\/kafe-1.jpg\" alt class=\"img-responsive\"\/><\/span><\/div><div class=\"fusion-clearfix\"><\/div><\/div><\/div><\/div><\/div><\/p>\n","protected":false},"excerpt":{"rendered":"","protected":false},"author":1,"featured_media":0,"parent":0,"menu_order":0,"comment_status":"closed","ping_status":"closed","template":"100-width.php","meta":{"footnotes":""},"class_list":["post-645","page","type-page","status-publish","hentry"],"yoast_head":"<!-- This site is optimized with the Yoast SEO plugin v27.1.1 - https:\/\/yoast.com\/product\/yoast-seo-wordpress\/ -->\n<title>Kaf\u00e9 - Sels\u00f8yvik Gamle Handelssted<\/title>\n<meta name=\"description\" content=\"En forfriskning i solveggen, eller enkel servering innend\u00f8rs i historiske omgivelser.\" \/>\n<meta name=\"robots\" content=\"index, follow, max-snippet:-1, max-image-preview:large, max-video-preview:-1\" \/>\n<link rel=\"canonical\" href=\"https:\/\/xn--selsyvik-84a.no\/wp\/sommerkafe\/\" \/>\n<meta property=\"og:locale\" content=\"nb_NO\" \/>\n<meta property=\"og:type\" content=\"article\" \/>\n<meta property=\"og:title\" content=\"Kaf\u00e9 - Sels\u00f8yvik Gamle Handelssted\" \/>\n<meta property=\"og:description\" content=\"En forfriskning i solveggen, eller enkel servering innend\u00f8rs i historiske omgivelser.\" \/>\n<meta property=\"og:url\" content=\"https:\/\/xn--selsyvik-84a.no\/wp\/sommerkafe\/\" \/>\n<meta property=\"og:site_name\" content=\"Sels\u00f8yvik Handelssted\" \/>\n<meta property=\"article:modified_time\" content=\"2026-01-13T14:42:08+00:00\" \/>\n<meta property=\"og:image\" content=\"http:\/\/www.xn--selsyvik-84a.no\/wp\/wp-content\/uploads\/2015\/07\/kafe-3.jpg\" \/>\n<meta name=\"twitter:card\" content=\"summary_large_image\" \/>\n<meta name=\"twitter:label1\" content=\"Ansl. lesetid\" \/>\n\t<meta name=\"twitter:data1\" content=\"1 minutt\" \/>\n<script type=\"application\/ld+json\" class=\"yoast-schema-graph\">{\"@context\":\"https:\/\/schema.org\",\"@graph\":[{\"@type\":\"WebPage\",\"@id\":\"https:\/\/xn--selsyvik-84a.no\/wp\/sommerkafe\/\",\"url\":\"https:\/\/xn--selsyvik-84a.no\/wp\/sommerkafe\/\",\"name\":\"Kaf\u00e9 - Sels\u00f8yvik Gamle Handelssted\",\"isPartOf\":{\"@id\":\"https:\/\/xn--selsyvik-84a.no\/wp\/#website\"},\"primaryImageOfPage\":{\"@id\":\"https:\/\/xn--selsyvik-84a.no\/wp\/sommerkafe\/#primaryimage\"},\"image\":{\"@id\":\"https:\/\/xn--selsyvik-84a.no\/wp\/sommerkafe\/#primaryimage\"},\"thumbnailUrl\":\"http:\/\/www.xn--selsyvik-84a.no\/wp\/wp-content\/uploads\/2015\/07\/kafe-1.jpg\",\"datePublished\":\"2015-06-30T23:47:46+00:00\",\"dateModified\":\"2026-01-13T14:42:08+00:00\",\"description\":\"En forfriskning i solveggen, eller enkel servering innend\u00f8rs i historiske omgivelser.\",\"breadcrumb\":{\"@id\":\"https:\/\/xn--selsyvik-84a.no\/wp\/sommerkafe\/#breadcrumb\"},\"inLanguage\":\"nb-NO\",\"potentialAction\":[{\"@type\":\"ReadAction\",\"target\":[\"https:\/\/xn--selsyvik-84a.no\/wp\/sommerkafe\/\"]}]},{\"@type\":\"ImageObject\",\"inLanguage\":\"nb-NO\",\"@id\":\"https:\/\/xn--selsyvik-84a.no\/wp\/sommerkafe\/#primaryimage\",\"url\":\"http:\/\/www.xn--selsyvik-84a.no\/wp\/wp-content\/uploads\/2015\/07\/kafe-1.jpg\",\"contentUrl\":\"http:\/\/www.xn--selsyvik-84a.no\/wp\/wp-content\/uploads\/2015\/07\/kafe-1.jpg\"},{\"@type\":\"BreadcrumbList\",\"@id\":\"https:\/\/xn--selsyvik-84a.no\/wp\/sommerkafe\/#breadcrumb\",\"itemListElement\":[{\"@type\":\"ListItem\",\"position\":1,\"name\":\"Hjem\",\"item\":\"https:\/\/xn--selsyvik-84a.no\/wp\/\"},{\"@type\":\"ListItem\",\"position\":2,\"name\":\"B\u00c5RSTUA KAF\u00c9\"}]},{\"@type\":\"WebSite\",\"@id\":\"https:\/\/xn--selsyvik-84a.no\/wp\/#website\",\"url\":\"https:\/\/xn--selsyvik-84a.no\/wp\/\",\"name\":\"Sels\u00f8yvik Gamle Handelssted\",\"description\":\"Et levende handelssted p\u00e5 Helgelandskysten\",\"publisher\":{\"@id\":\"https:\/\/xn--selsyvik-84a.no\/wp\/#organization\"},\"potentialAction\":[{\"@type\":\"SearchAction\",\"target\":{\"@type\":\"EntryPoint\",\"urlTemplate\":\"https:\/\/xn--selsyvik-84a.no\/wp\/?s={search_term_string}\"},\"query-input\":{\"@type\":\"PropertyValueSpecification\",\"valueRequired\":true,\"valueName\":\"search_term_string\"}}],\"inLanguage\":\"nb-NO\"},{\"@type\":\"Organization\",\"@id\":\"https:\/\/xn--selsyvik-84a.no\/wp\/#organization\",\"name\":\"Sels\u00f8yvik Gamle Handelssted\",\"url\":\"https:\/\/xn--selsyvik-84a.no\/wp\/\",\"logo\":{\"@type\":\"ImageObject\",\"inLanguage\":\"nb-NO\",\"@id\":\"https:\/\/xn--selsyvik-84a.no\/wp\/#\/schema\/logo\/image\/\",\"url\":\"https:\/\/xn--selsyvik-84a.no\/wp\/wp-content\/uploads\/2019\/01\/logo_intro2.png\",\"contentUrl\":\"https:\/\/xn--selsyvik-84a.no\/wp\/wp-content\/uploads\/2019\/01\/logo_intro2.png\",\"width\":1200,\"height\":675,\"caption\":\"Sels\u00f8yvik Gamle Handelssted\"},\"image\":{\"@id\":\"https:\/\/xn--selsyvik-84a.no\/wp\/#\/schema\/logo\/image\/\"}}]}<\/script>\n<!-- \/ Yoast SEO plugin. -->","yoast_head_json":{"title":"Kaf\u00e9 - Sels\u00f8yvik Gamle Handelssted","description":"En forfriskning i solveggen, eller enkel servering innend\u00f8rs i historiske omgivelser.","robots":{"index":"index","follow":"follow","max-snippet":"max-snippet:-1","max-image-preview":"max-image-preview:large","max-video-preview":"max-video-preview:-1"},"canonical":"https:\/\/xn--selsyvik-84a.no\/wp\/sommerkafe\/","og_locale":"nb_NO","og_type":"article","og_title":"Kaf\u00e9 - Sels\u00f8yvik Gamle Handelssted","og_description":"En forfriskning i solveggen, eller enkel servering innend\u00f8rs i historiske omgivelser.","og_url":"https:\/\/xn--selsyvik-84a.no\/wp\/sommerkafe\/","og_site_name":"Sels\u00f8yvik Handelssted","article_modified_time":"2026-01-13T14:42:08+00:00","og_image":[{"url":"http:\/\/www.xn--selsyvik-84a.no\/wp\/wp-content\/uploads\/2015\/07\/kafe-3.jpg","type":"","width":"","height":""}],"twitter_card":"summary_large_image","twitter_misc":{"Ansl. lesetid":"1 minutt"},"schema":{"@context":"https:\/\/schema.org","@graph":[{"@type":"WebPage","@id":"https:\/\/xn--selsyvik-84a.no\/wp\/sommerkafe\/","url":"https:\/\/xn--selsyvik-84a.no\/wp\/sommerkafe\/","name":"Kaf\u00e9 - Sels\u00f8yvik Gamle Handelssted","isPartOf":{"@id":"https:\/\/xn--selsyvik-84a.no\/wp\/#website"},"primaryImageOfPage":{"@id":"https:\/\/xn--selsyvik-84a.no\/wp\/sommerkafe\/#primaryimage"},"image":{"@id":"https:\/\/xn--selsyvik-84a.no\/wp\/sommerkafe\/#primaryimage"},"thumbnailUrl":"http:\/\/www.xn--selsyvik-84a.no\/wp\/wp-content\/uploads\/2015\/07\/kafe-1.jpg","datePublished":"2015-06-30T23:47:46+00:00","dateModified":"2026-01-13T14:42:08+00:00","description":"En forfriskning i solveggen, eller enkel servering innend\u00f8rs i historiske omgivelser.","breadcrumb":{"@id":"https:\/\/xn--selsyvik-84a.no\/wp\/sommerkafe\/#breadcrumb"},"inLanguage":"nb-NO","potentialAction":[{"@type":"ReadAction","target":["https:\/\/xn--selsyvik-84a.no\/wp\/sommerkafe\/"]}]},{"@type":"ImageObject","inLanguage":"nb-NO","@id":"https:\/\/xn--selsyvik-84a.no\/wp\/sommerkafe\/#primaryimage","url":"http:\/\/www.xn--selsyvik-84a.no\/wp\/wp-content\/uploads\/2015\/07\/kafe-1.jpg","contentUrl":"http:\/\/www.xn--selsyvik-84a.no\/wp\/wp-content\/uploads\/2015\/07\/kafe-1.jpg"},{"@type":"BreadcrumbList","@id":"https:\/\/xn--selsyvik-84a.no\/wp\/sommerkafe\/#breadcrumb","itemListElement":[{"@type":"ListItem","position":1,"name":"Hjem","item":"https:\/\/xn--selsyvik-84a.no\/wp\/"},{"@type":"ListItem","position":2,"name":"B\u00c5RSTUA KAF\u00c9"}]},{"@type":"WebSite","@id":"https:\/\/xn--selsyvik-84a.no\/wp\/#website","url":"https:\/\/xn--selsyvik-84a.no\/wp\/","name":"Sels\u00f8yvik Gamle Handelssted","description":"Et levende handelssted p\u00e5 Helgelandskysten","publisher":{"@id":"https:\/\/xn--selsyvik-84a.no\/wp\/#organization"},"potentialAction":[{"@type":"SearchAction","target":{"@type":"EntryPoint","urlTemplate":"https:\/\/xn--selsyvik-84a.no\/wp\/?s={search_term_string}"},"query-input":{"@type":"PropertyValueSpecification","valueRequired":true,"valueName":"search_term_string"}}],"inLanguage":"nb-NO"},{"@type":"Organization","@id":"https:\/\/xn--selsyvik-84a.no\/wp\/#organization","name":"Sels\u00f8yvik Gamle Handelssted","url":"https:\/\/xn--selsyvik-84a.no\/wp\/","logo":{"@type":"ImageObject","inLanguage":"nb-NO","@id":"https:\/\/xn--selsyvik-84a.no\/wp\/#\/schema\/logo\/image\/","url":"https:\/\/xn--selsyvik-84a.no\/wp\/wp-content\/uploads\/2019\/01\/logo_intro2.png","contentUrl":"https:\/\/xn--selsyvik-84a.no\/wp\/wp-content\/uploads\/2019\/01\/logo_intro2.png","width":1200,"height":675,"caption":"Sels\u00f8yvik Gamle Handelssted"},"image":{"@id":"https:\/\/xn--selsyvik-84a.no\/wp\/#\/schema\/logo\/image\/"}}]}},"_links":{"self":[{"href":"https:\/\/xn--selsyvik-84a.no\/wp\/wp-json\/wp\/v2\/pages\/645","targetHints":{"allow":["GET"]}}],"collection":[{"href":"https:\/\/xn--selsyvik-84a.no\/wp\/wp-json\/wp\/v2\/pages"}],"about":[{"href":"https:\/\/xn--selsyvik-84a.no\/wp\/wp-json\/wp\/v2\/types\/page"}],"author":[{"embeddable":true,"href":"https:\/\/xn--selsyvik-84a.no\/wp\/wp-json\/wp\/v2\/users\/1"}],"replies":[{"embeddable":true,"href":"https:\/\/xn--selsyvik-84a.no\/wp\/wp-json\/wp\/v2\/comments?post=645"}],"version-history":[{"count":20,"href":"https:\/\/xn--selsyvik-84a.no\/wp\/wp-json\/wp\/v2\/pages\/645\/revisions"}],"predecessor-version":[{"id":1201,"href":"https:\/\/xn--selsyvik-84a.no\/wp\/wp-json\/wp\/v2\/pages\/645\/revisions\/1201"}],"wp:attachment":[{"href":"https:\/\/xn--selsyvik-84a.no\/wp\/wp-json\/wp\/v2\/media?parent=645"}],"curies":[{"name":"wp","href":"https:\/\/api.w.org\/{rel}","templated":true}]}}